{"id":13,"date":"2026-04-13T23:52:11","date_gmt":"2026-04-13T20:52:11","guid":{"rendered":"https:\/\/ionmimarlik.com\/?page_id=13"},"modified":"2026-04-14T14:20:15","modified_gmt":"2026-04-14T11:20:15","slug":"ana-sayfa","status":"publish","type":"page","link":"https:\/\/ionmimarlik.com\/","title":{"rendered":"Ana sayfa"},"content":{"rendered":"\n<div class=\"wp-block-cover alignfull is-light hestia-clear-top-padding\"><span aria-hidden=\"true\" class=\"wp-block-cover__background has-white-background-color has-background-dim-100 has-background-dim\"><\/span><div class=\"wp-block-cover__inner-container is-layout-flow wp-block-cover-is-layout-flow\">\n<h2 class=\"wp-block-heading has-text-align-center has-text-color\" style=\"color:#3c4858\">Hizmetlerimiz<\/h2>\n\n\n\n<div style=\"height:40px\" aria-hidden=\"true\" class=\"wp-block-spacer\"><\/div>\n\n\n\n<div class=\"wp-block-columns container is-layout-flex wp-container-core-columns-is-layout-28f84493 wp-block-columns-is-layout-flex\">\n<div class=\"wp-block-column is-layout-flow wp-block-column-is-layout-flow\"><div class=\"wp-block-image\">\n<figure class=\"aligncenter size-large\"><img decoding=\"async\" src=\"https:\/\/ionmimarlik.com\/wp-content\/themes\/hestia\/assets\/img\/feat1.png\" alt=\"\" class=\"wp-image-70\"\/><\/figure>\n<\/div>\n\n\n<h5 class=\"wp-block-heading has-text-align-center has-text-color\" style=\"color:#3c4858;font-size:18px\">Proje Y\u00f6netim <\/h5>\n\n\n\n<blockquote class=\"wp-block-quote is-layout-flow wp-block-quote-is-layout-flow\">\n<p class=\"has-text-align-center has-text-color\" style=\"color:#999999;font-size:14px\">Mimari tasar\u0131m\u0131 statik, elektrik, mekanik ve harita projeleriyle tek merkezden koordine ediyoruz. S\u00fcre\u00e7 boyunca zemin et\u00fcd\u00fc raporlar\u0131n\u0131n statik hesaplarla uyumunu, mekanik tesisat\u0131n mimari detaylarla \u00e7ak\u0131\u015fmamas\u0131n\u0131 ve elektrik projelerinin fonksiyonel yerle\u015fimini denetliyoruz. T\u00fcm disiplinlerin birbiriyle entegre \u00e7al\u0131\u015ft\u0131\u011f\u0131 teknik uygulama projelerini haz\u0131rlama.<\/p>\n<\/blockquote>\n\n\n\n<div style=\"height:25px\" aria-hidden=\"true\" class=\"wp-block-spacer\"><\/div>\n<\/div>\n\n\n\n<div class=\"wp-block-column is-layout-flow wp-block-column-is-layout-flow\"><div class=\"wp-block-image\">\n<figure class=\"aligncenter size-large\"><img decoding=\"async\" src=\"https:\/\/ionmimarlik.com\/wp-content\/themes\/hestia\/assets\/img\/feat2.png\" alt=\"\" class=\"wp-image-71\"\/><\/figure>\n<\/div>\n\n\n<h5 class=\"wp-block-heading has-text-align-center has-text-color\" style=\"color:#3c4858;font-size:18px\">\u0130malat &amp; Uygulama<\/h5>\n\n\n\n<blockquote class=\"wp-block-quote is-layout-flow wp-block-quote-is-layout-flow\">\n<p class=\"has-text-align-center has-text-color\" style=\"color:#999999;font-size:14px\">Onayl\u0131 projelerin sahadaki fiziksel \u00fcretimini teknik \u015fartnamelere ve fen kurallar\u0131na g\u00f6re ger\u00e7ekle\u015ftiriyoruz. Beton s\u0131n\u0131f\u0131 se\u00e7imi, demir donat\u0131 i\u015f\u00e7ili\u011fi, izolasyon detaylar\u0131 ve ince yap\u0131 kalemlerinde projeye tam sadakatle \u00e7al\u0131\u015f\u0131yoruz. Sakarya, \u00c7anakkale ve Bart\u0131n b\u00f6lgelerindeki \u015fantiyelerimizde kaba in\u015faattan tesisat montajlar\u0131na kadar t\u00fcm \u00fcretim s\u00fcrecini teknik denetim alt\u0131nda tutarak, yap\u0131lar\u0131 anahtar teslim olarak hizmet veriyoruz.<\/p>\n<\/blockquote>\n\n\n\n<div style=\"height:25px\" aria-hidden=\"true\" class=\"wp-block-spacer\"><\/div>\n<\/div>\n\n\n\n<div class=\"wp-block-column is-layout-flow wp-block-column-is-layout-flow\"><div class=\"wp-block-image\">\n<figure class=\"aligncenter size-large\"><img decoding=\"async\" src=\"https:\/\/ionmimarlik.com\/wp-content\/themes\/hestia\/assets\/img\/feat3.png\" alt=\"\" class=\"wp-image-72\"\/><\/figure>\n<\/div>\n\n\n<h5 class=\"wp-block-heading has-text-align-center has-text-color\" style=\"color:#3c4858;font-size:18px\">Dan\u0131\u015fmanl\u0131k<\/h5>\n\n\n\n<blockquote class=\"wp-block-quote is-layout-flow wp-block-quote-is-layout-flow\">\n<p class=\"has-text-align-center has-text-color\" style=\"color:#999999;font-size:14px\">Resmi kurumlar nezdinde imar durumu analizi, ruhsatland\u0131rma ve yer teslimi gibi t\u00fcm b\u00fcrokratik s\u00fcre\u00e7leri y\u00f6netiyoruz. Yat\u0131r\u0131m \u00f6ncesinde projelerin maliyet ke\u015fif \u00f6zetlerini ve metraj analizlerini haz\u0131rlayarak finansal riskleri raporluyoruz. Mevcut yap\u0131lar i\u00e7in deprem g\u00fcvenli\u011fi analizi ve g\u00fc\u00e7lendirme projeleri geli\u015ftirmenin yan\u0131 s\u0131ra, \u015fantiye \u015fefli\u011fi ve fenni mesuliyet kapsam\u0131nda yasal teknik denetim sorumluluklar\u0131n\u0131 \u00fcstleniyoruz.<\/p>\n<\/blockquote>\n\n\n\n<div style=\"height:25px\" aria-hidden=\"true\" class=\"wp-block-spacer\"><\/div>\n<\/div>\n<\/div>\n\n\n\n<div style=\"height:40px\" aria-hidden=\"true\" class=\"wp-block-spacer\"><\/div>\n<\/div><\/div>\n\n\n\n<div class=\"wp-block-columns container is-layout-flex wp-container-core-columns-is-layout-28f84493 wp-block-columns-is-layout-flex\">\n<div class=\"wp-block-column col-md-5 is-layout-flow wp-block-column-is-layout-flow\">\n<div style=\"height:55px\" aria-hidden=\"true\" class=\"wp-block-spacer\"><\/div>\n\n\n\n<h2 class=\"wp-block-heading\">Yap\u0131 G\u00fc\u00e7lendirme<\/h2>\n\n\n\n<p>Need more details? Please check our full documentation for detailed information on how to use Hestia.<\/p>\n<\/div>\n\n\n\n<div class=\"wp-block-column col-md-6 col-md-offset1 is-layout-flow wp-block-column-is-layout-flow\">\n<div style=\"height:55px\" aria-hidden=\"true\" class=\"wp-block-spacer\"><\/div>\n\n\n\n<figure class=\"wp-block-image size-large\"><img decoding=\"async\" src=\"https:\/\/ionmimarlik.com\/wp-content\/themes\/hestia\/assets\/img\/about-content.png\" alt=\"\" class=\"wp-image-81\"\/><\/figure>\n\n\n\n<p><\/p>\n<\/div>\n<\/div>\n","protected":false},"excerpt":{"rendered":"<p>Yap\u0131 G\u00fc\u00e7lendirme Need more details? Please check our full documentation for detailed information on how to use Hestia.<\/p>\n","protected":false},"author":1,"featured_media":0,"parent":0,"menu_order":0,"comment_status":"closed","ping_status":"closed","template":"","meta":{"footnotes":""},"class_list":["post-13","page","type-page","status-publish","hentry"],"_links":{"self":[{"href":"https:\/\/ionmimarlik.com\/index.php?rest_route=\/wp\/v2\/pages\/13","targetHints":{"allow":["GET"]}}],"collection":[{"href":"https:\/\/ionmimarlik.com\/index.php?rest_route=\/wp\/v2\/pages"}],"about":[{"href":"https:\/\/ionmimarlik.com\/index.php?rest_route=\/wp\/v2\/types\/page"}],"author":[{"embeddable":true,"href":"https:\/\/ionmimarlik.com\/index.php?rest_route=\/wp\/v2\/users\/1"}],"replies":[{"embeddable":true,"href":"https:\/\/ionmimarlik.com\/index.php?rest_route=%2Fwp%2Fv2%2Fcomments&post=13"}],"version-history":[{"count":4,"href":"https:\/\/ionmimarlik.com\/index.php?rest_route=\/wp\/v2\/pages\/13\/revisions"}],"predecessor-version":[{"id":42,"href":"https:\/\/ionmimarlik.com\/index.php?rest_route=\/wp\/v2\/pages\/13\/revisions\/42"}],"wp:attachment":[{"href":"https:\/\/ionmimarlik.com\/index.php?rest_route=%2Fwp%2Fv2%2Fmedia&parent=13"}],"curies":[{"name":"wp","href":"https:\/\/api.w.org\/{rel}","templated":true}]}}